{"id":260,"date":"2013-02-17T00:13:44","date_gmt":"2013-02-17T00:13:44","guid":{"rendered":"http:\/\/sophroartscience.hr\/wp\/?page_id=260"},"modified":"2023-06-04T13:55:21","modified_gmt":"2023-06-04T13:55:21","slug":"2013-2","status":"publish","type":"page","link":"http:\/\/sophroartscience.hr\/wp\/2013-2\/","title":{"rendered":"ART AND SCIENCE IN THE DEVELOPMENT OF LIFE POTENTIAL"},"content":{"rendered":"<h3><strong>5 &#8211; 8 October, 2023 &#8211; \u010ciovo \/ Trogir, Croatia<\/strong><\/h3>\n<p><img decoding=\"async\" loading=\"lazy\" class=\"wp-image-480  alignright\" src=\"http:\/\/sophroartscience.hr\/wp\/wp-content\/uploads\/2023\/06\/HotelSvKriz.jpg\" alt=\"\" width=\"341\" height=\"187\" srcset=\"http:\/\/sophroartscience.hr\/wp\/wp-content\/uploads\/2023\/06\/HotelSvKriz.jpg 840w, http:\/\/sophroartscience.hr\/wp\/wp-content\/uploads\/2023\/06\/HotelSvKriz-300x164.jpg 300w, http:\/\/sophroartscience.hr\/wp\/wp-content\/uploads\/2023\/06\/HotelSvKriz-768x421.jpg 768w\" sizes=\"(max-width: 341px) 100vw, 341px\" \/> On the occasion of marking the 30th anniversary of the Activities of the Croatian Association for Psychosocial Oncology, Sophrology and Art Therapy (CAPOSART), and the 24th anniversary of these traditional international symposia, the Croatian Association for Psychosocial Oncology, Sophrology and Art Therapies in cooperation with university and other institutions from Croatia and the World, is preparing the eleventh International symposium &#8220;Art and Science in the Development of Life Potential&#8221; &#8211; which will be held in Croatia , in the convention halls of the four stars hotel \u201cHOLY CROSS\u201d \/ \u201cSVETI KRI\u017d\u201d, on the island of \u010ciovo near Trogir. <em><br><\/em><\/p>\n\n\n<div class=\"wp-block-columns is-layout-flex wp-container-5\">\n<div class=\"wp-block-column is-layout-flow\">\n<div class=\"wp-block-buttons is-content-justification-center is-layout-flex wp-container-1\">\n<div class=\"wp-block-button\"><a class=\"wp-block-button__link has-vivid-cyan-blue-background-color has-background wp-element-button\" href=\"http:\/\/sophroartscience.hr\/wp\/registration\/\">Register now!<\/a><\/div>\n<\/div>\n<\/div>\n\n\n\n<div class=\"wp-block-column is-layout-flow\">\n<div class=\"wp-block-buttons is-content-justification-center is-layout-flex wp-container-3\">\n<div class=\"wp-block-button\"><a class=\"wp-block-button__link has-vivid-green-cyan-background-color has-background wp-element-button\" href=\"http:\/\/sophroartscience.hr\/wp\/wp-content\/uploads\/2023\/06\/Art-and-science-2023.pdf\">Symposium brochure<\/a><\/div>\n<\/div>\n<\/div>\n<\/div>\n\n\n\n<h2 class=\"wp-block-heading\">International Co-Chair &amp; Honorary Board of the Symposium 2023\u00a0\u00a0<\/h2>\n\n\n\n<p>Dr. Elysabeth van der Gulik (Netherlands), Prof. Dr. Cristina Diaz Alessandrini (Brazil) , Dr. Sylvia Ketelhohn Gron (Costa Rica), Dr Magdalena Braniuk-Baxter, Prof.Dr Vita Schulz (Poland), Prof.Dr Peter Mai (Switzerland), Prof.Dr Vesna Bratov\u010di\u0107 , Prof.Dr Edina \u0160ari\u0107 , Prof. Dr Edina Kuduzovi\u0107, Dr Senad Mehmedinovi\u0107 , Dr\u00a0 Benjamin Avdic, Mr Marko-Antonio Brki\u0107 (Bosnia and Herzegovina) , Very Rev Father Rene Agnero Loes (Ivory Coast\u00a0 \/ France), Prof. Dr\u00a0 Masaki Tan (Japan) ,\u00a0 Dr Melita Garvas (Slovenia) , Dr Elaleh Sadeghian\u00a0 (Iran), Prof. Dr \u00a0 Wang Mingyong (China), Prof. Dr. Hautala Paivi-Maria (Finland), Prof. Dr. Dan Dumitrascu (Romania), Prof. Dr. Eha Ruutel (Estonija), Busro Busro (Indonesia) , Dr Vehip Proda (Albania), Prof.Dr Ljudevit Prani\u0107 , Prof.Dr Luka Toma\u0161evi\u0107 , Dr Vedrana Me\u0161trovi\u0107 , Prof.Dr Mateo Perasovi\u0107,\u00a0 Dr Aleksandra Kardum,\u00a0 Prof.Dr Du\u0161ka Petranovi\u0107, Prof.Dr Ira Pavlovi\u0107-Ru\u017ei\u0107, Prof Dr Mateo Perasovi\u0107 , Prof.Dr Jasminka Stepan-Giljevi\u0107, Prof.Dr \u017deljko Marovi\u0107 (Croatia) .<\/p>\n\n\n\n<h2 class=\"wp-block-heading\">Preliminary Symposium program<\/h2>\n\n\n\n<div class=\"wp-block-columns is-layout-flex wp-container-8\">\n<div class=\"wp-block-column is-layout-flow\" style=\"flex-basis:33.33%\">\n<h4 class=\"wp-block-heading\">Art, Sophrology<br>and Communication<\/h4>\n<\/div>\n\n\n\n<div class=\"wp-block-column is-layout-flow\" style=\"flex-basis:66.66%\">\n<p>Reflections on Paul Gauguin&#8217;s messages; Anthropological features of imagination; Creative quantum, transformation and treatment; Art, education and personalized medicine; On the flow of life energies in artistic creativity; The influence of retinal eye diseases on perception and imaging; Aesthetic experience in the development of life potential; Dance, rituals and traditional healing in Ivory Coast and Nigeria; Cerebral palsy, Boccherini&#8217;s minuet and dance therapy; Art and life oeuvre of painter Rudina Proda; Research at the Academy of Arts, University of Split; Mission of EcARTE &#8211; the European Consortium of Universities for the application of the arts in education and therapy; Workshops; Poster presentations; Art exhibitions; Book promotions; \u2026<\/p>\n<\/div>\n<\/div>\n\n\n\n<div class=\"wp-block-columns is-layout-flex wp-container-11\">\n<div class=\"wp-block-column is-layout-flow\" style=\"flex-basis:33.33%\">\n<h4 class=\"wp-block-heading\">Psychosocial Oncology, Rehabilitation\u00a0and Complementary Supportive Therapies<\/h4>\n<\/div>\n\n\n\n<div class=\"wp-block-column is-layout-flow\" style=\"flex-basis:66.66%\">\n<p>Mission of the Croatian League Against Cancer; Mission of the International Psycho Oncology Society (IPOS); Rehabilitation medicine and Rehabilitation Education ( Applied didactics); Mission of the Croatian Senologic Society; Clubs treated for Malignant and other Diseases;\u00a0 Body and Soul in the Holistic Cancer Care; Palliative Care Supportive therapy and Child in the Oncology Department;\u00a0 Traditional Chinese Medicine and Acupuncture; Wellness Programs and Preventive Physiotherapy; \u00a0 Breast Cancer and Supportive Therapies;\u00a0 Sports and People with Disability; Dance Body Movement in Therapy;\u00a0 Mission of the Croatian Association for Cerebral Palsy and the\u00a0 International Cerebral Palsy Society &#8211; ICPS ; Workshops; Poster Presentations&#8230;<\/p>\n<\/div>\n<\/div>\n\n\n\n<div class=\"wp-block-columns is-layout-flex wp-container-14\">\n<div class=\"wp-block-column is-layout-flow\" style=\"flex-basis:33.33%\">\n<h4 class=\"wp-block-heading\">Bioethics, Gastronomy, Tourism and Recreation<\/h4>\n<\/div>\n\n\n\n<div class=\"wp-block-column is-layout-flow\" style=\"flex-basis:66.66%\">\n<p>Hotel management, Culture and Communication; Mission of University Studies at the Department of Tourism and Economics &#8211; at the University of Split; Landscapes , Psychosomatics and Gastronomy; Presentation of Autochthonous Wine Varieties in Croatia with Reference to Gastronomy and Health; Hydrotherapy and Thalassotherapy; Music , Nutrition and Eating Disorders; Religious tourism; Tourism and Recreation; Workshops; Poster Presentations \u2026<\/p>\n<\/div>\n<\/div>\n\n\n\n<div class=\"wp-block-columns is-layout-flex wp-container-17\">\n<div class=\"wp-block-column is-layout-flow\" style=\"flex-basis:33.33%\">\n<h4 class=\"wp-block-heading\">QuodLibet<\/h4>\n<\/div>\n\n\n\n<div class=\"wp-block-column is-layout-flow\" style=\"flex-basis:66.66%\">\n<p>The Joy Of Living And Existential Anxiety; Eros , Culture And Psychoanalysis of Morality; Laughter and Life; Nato Mission &#8211; Peace and Security Programme; Self-Awareness and Fetish Symbolism; Brotherhood: A New Political-Social Paradigm; Guided (Active) Imagination, Hypnotic Trance and Katathym-Imaginative Approach; Anthroposophy and Other Alternative Approaches; Excerpts from Qur&#8217;an, Music and Spiritual Message in Therapy; Sanctuaries , Pilgrimages and Well Being<\/p>\n<\/div>\n<\/div>\n","protected":false},"excerpt":{"rendered":"<p>5 &#8211; 8 October, 2023 &#8211; \u010ciovo \/ Trogir, Croatia On the occasion of marking the 30th anniversary of the Activities of the Croatian Association for Psychosocial Oncology, Sophrology and Art Therapy (CAPOSART), and the 24th anniversary of these traditional international symposia, the Croatian Association for Psychosocial Oncology, Sophrology and Art Therapies in cooperation with [&hellip;]<\/p>\n","protected":false},"author":1,"featured_media":0,"parent":0,"menu_order":3,"comment_status":"closed","ping_status":"open","template":"","meta":{"ngg_post_thumbnail":0},"_links":{"self":[{"href":"http:\/\/sophroartscience.hr\/wp\/wp-json\/wp\/v2\/pages\/260"}],"collection":[{"href":"http:\/\/sophroartscience.hr\/wp\/wp-json\/wp\/v2\/pages"}],"about":[{"href":"http:\/\/sophroartscience.hr\/wp\/wp-json\/wp\/v2\/types\/page"}],"author":[{"embeddable":true,"href":"http:\/\/sophroartscience.hr\/wp\/wp-json\/wp\/v2\/users\/1"}],"replies":[{"embeddable":true,"href":"http:\/\/sophroartscience.hr\/wp\/wp-json\/wp\/v2\/comments?post=260"}],"version-history":[{"count":12,"href":"http:\/\/sophroartscience.hr\/wp\/wp-json\/wp\/v2\/pages\/260\/revisions"}],"predecessor-version":[{"id":498,"href":"http:\/\/sophroartscience.hr\/wp\/wp-json\/wp\/v2\/pages\/260\/revisions\/498"}],"wp:attachment":[{"href":"http:\/\/sophroartscience.hr\/wp\/wp-json\/wp\/v2\/media?parent=260"}],"curies":[{"name":"wp","href":"https:\/\/api.w.org\/{rel}","templated":true}]}}